{"id":108,"date":"2019-11-13T11:51:15","date_gmt":"2019-11-13T11:51:15","guid":{"rendered":"https:\/\/alfa.webs.upv.es\/?page_id=108"},"modified":"2026-01-27T08:59:03","modified_gmt":"2026-01-27T08:59:03","slug":"projects","status":"publish","type":"page","link":"https:\/\/alfa.webs.upv.es\/index.php\/projects\/","title":{"rendered":"Projects"},"content":{"rendered":"<p style=\"text-align: center;\"><img loading=\"lazy\" decoding=\"async\" class=\"alignnone  wp-image-104\" src=\"https:\/\/alfa.webs.upv.es\/wp-content\/uploads\/2019\/11\/GobEspa\u00f1a-300x143.jpg\" alt=\"\" width=\"132\" height=\"63\" srcset=\"https:\/\/alfa.webs.upv.es\/wp-content\/uploads\/2019\/11\/GobEspa\u00f1a-300x143.jpg 300w, https:\/\/alfa.webs.upv.es\/wp-content\/uploads\/2019\/11\/GobEspa\u00f1a.jpg 325w\" sizes=\"auto, (max-width: 132px) 100vw, 132px\" \/>\u00a0 \u00a0 \u00a0 <img loading=\"lazy\" decoding=\"async\" class=\"wp-image-261 alignnone\" src=\"https:\/\/alfa.webs.upv.es\/wp-content\/uploads\/2022\/10\/download.jpg\" alt=\"\" width=\"109\" height=\"63\" \/>\u00a0 \u00a0 \u00a0 \u00a0 <img loading=\"lazy\" decoding=\"async\" class=\"alignnone  wp-image-109\" src=\"https:\/\/alfa.webs.upv.es\/wp-content\/uploads\/2019\/11\/download-300x143.png\" alt=\"\" width=\"126\" height=\"60\" srcset=\"https:\/\/alfa.webs.upv.es\/wp-content\/uploads\/2019\/11\/download-300x143.png 300w, https:\/\/alfa.webs.upv.es\/wp-content\/uploads\/2019\/11\/download.png 325w\" sizes=\"auto, (max-width: 126px) 100vw, 126px\" \/><img loading=\"lazy\" decoding=\"async\" class=\" wp-image-196 alignnone\" src=\"https:\/\/alfa.webs.upv.es\/wp-content\/uploads\/2020\/09\/eclogo-300x105.jpg\" alt=\"\" width=\"220\" height=\"77\" srcset=\"https:\/\/alfa.webs.upv.es\/wp-content\/uploads\/2020\/09\/eclogo-300x105.jpg 300w, https:\/\/alfa.webs.upv.es\/wp-content\/uploads\/2020\/09\/eclogo-1024x357.jpg 1024w, https:\/\/alfa.webs.upv.es\/wp-content\/uploads\/2020\/09\/eclogo-768x268.jpg 768w, https:\/\/alfa.webs.upv.es\/wp-content\/uploads\/2020\/09\/eclogo.jpg 1042w\" sizes=\"auto, (max-width: 220px) 100vw, 220px\" \/><img loading=\"lazy\" decoding=\"async\" class=\"alignnone  wp-image-367\" src=\"https:\/\/alfa.webs.upv.es\/wp-content\/uploads\/2026\/01\/ISCIII-300x104.jpg\" alt=\"\" width=\"233\" height=\"81\" srcset=\"https:\/\/alfa.webs.upv.es\/wp-content\/uploads\/2026\/01\/ISCIII-300x104.jpg 300w, https:\/\/alfa.webs.upv.es\/wp-content\/uploads\/2026\/01\/ISCIII-1024x356.jpg 1024w, https:\/\/alfa.webs.upv.es\/wp-content\/uploads\/2026\/01\/ISCIII-768x267.jpg 768w, https:\/\/alfa.webs.upv.es\/wp-content\/uploads\/2026\/01\/ISCIII.jpg 1280w\" sizes=\"auto, (max-width: 233px) 100vw, 233px\" \/><\/p>\n<p style=\"text-align: center;\"><img loading=\"lazy\" decoding=\"async\" class=\"alignnone  wp-image-379\" src=\"https:\/\/alfa.webs.upv.es\/wp-content\/uploads\/2026\/01\/Gilead_Sciences-Logo.wine_-300x111.png\" alt=\"\" width=\"140\" height=\"52\" srcset=\"https:\/\/alfa.webs.upv.es\/wp-content\/uploads\/2026\/01\/Gilead_Sciences-Logo.wine_-300x111.png 300w, https:\/\/alfa.webs.upv.es\/wp-content\/uploads\/2026\/01\/Gilead_Sciences-Logo.wine_-1024x380.png 1024w, https:\/\/alfa.webs.upv.es\/wp-content\/uploads\/2026\/01\/Gilead_Sciences-Logo.wine_-768x285.png 768w, https:\/\/alfa.webs.upv.es\/wp-content\/uploads\/2026\/01\/Gilead_Sciences-Logo.wine_-1536x570.png 1536w, https:\/\/alfa.webs.upv.es\/wp-content\/uploads\/2026\/01\/Gilead_Sciences-Logo.wine_-2048x760.png 2048w\" sizes=\"auto, (max-width: 140px) 100vw, 140px\" \/>\u00a0 \u00a0 \u00a0 <img loading=\"lazy\" decoding=\"async\" class=\"alignnone  wp-image-373\" src=\"https:\/\/alfa.webs.upv.es\/wp-content\/uploads\/2026\/01\/EIT-HEALTH-LOGO-300x132.png\" alt=\"\" width=\"123\" height=\"54\" srcset=\"https:\/\/alfa.webs.upv.es\/wp-content\/uploads\/2026\/01\/EIT-HEALTH-LOGO-300x132.png 300w, https:\/\/alfa.webs.upv.es\/wp-content\/uploads\/2026\/01\/EIT-HEALTH-LOGO-768x337.png 768w, https:\/\/alfa.webs.upv.es\/wp-content\/uploads\/2026\/01\/EIT-HEALTH-LOGO.png 1024w\" sizes=\"auto, (max-width: 123px) 100vw, 123px\" \/><\/p>\n<ul>\n<li><span style=\"color: #993300;\"><strong>HIVision Espa\u00f1a: Inteligencia territorial para acelerar el fin de la epidemia por el VIH en Espa\u00f1a<\/strong><\/span>\n<ul>\n<li style=\"list-style-type: none;\">\n<ul>\n<li style=\"list-style-type: none;\">\n<ul>\n<li>Ref: Gilead Visionarium 2025\/HIVision Espa\u00f1a<\/li>\n<li>Duraci\u00f3n: 2026-2027<\/li>\n<li>Financiaci\u00f3n: 55 K \u20ac<\/li>\n<\/ul>\n<\/li>\n<\/ul>\n<\/li>\n<\/ul>\n<\/li>\n<\/ul>\n<ul>\n<li><strong><span style=\"color: #993300;\">Optimizaci\u00f3n del Cribado de ITS en Usuarios de PrEP: Un Enfoque Basado en la Estratificaci\u00f3n de Riesgo, evaluaci\u00f3n temporal del resistoma y modelizaci\u00f3n computacional de la estrategia<\/span><\/strong>\n<ul>\n<li style=\"list-style-type: none;\">\n<ul>\n<li style=\"list-style-type: none;\">\n<ul>\n<li>Ref: PI25\/01119 (Instituto de Salud Carlos III)<\/li>\n<li>Duraci\u00f3n: 2026-2028<\/li>\n<li>Financiaci\u00f3n: 172.102 K \u20ac<\/li>\n<\/ul>\n<\/li>\n<\/ul>\n<\/li>\n<\/ul>\n<\/li>\n<\/ul>\n<ul>\n<li><strong><span style=\"color: #993300;\">DWADT-SensD: A Disruptive Way to Ameliorate the Diagnosis and Treatment of Sensorineural Diseases<\/span><\/strong>\n<ul>\n<li style=\"list-style-type: none;\">\n<ul>\n<li style=\"list-style-type: none;\">\n<ul>\n<li>Ref: CIPROM\/2023\/26 (Generalitat Valenciana)<\/li>\n<li>Duraci\u00f3n: 2024-2028<\/li>\n<li>Financiaci\u00f3n: 600\u00a0K \u20ac<\/li>\n<\/ul>\n<\/li>\n<\/ul>\n<\/li>\n<\/ul>\n<\/li>\n<\/ul>\n<ul>\n<li><span style=\"color: #993300;\"><strong>UCIE4VRAIN: Creaci\u00f3n de la UCIE de VRAIN<\/strong><\/span>\n<ul>\n<li style=\"list-style-type: none;\">\n<ul>\n<li style=\"list-style-type: none;\">\n<ul>\n<li>Ref: INNVA2\/2022\/2 (Ag\u00e8ncia Valenciana de la Innovaci\u00f3)<\/li>\n<li>Duracion: 2022-2024<\/li>\n<li>Financiaci\u00f3n: 499.887 K \u20ac<\/li>\n<\/ul>\n<\/li>\n<\/ul>\n<\/li>\n<\/ul>\n<\/li>\n<\/ul>\n<ul>\n<li><span style=\"color: #993300;\"><strong>CLUSTERIA: Cluster de computaci\u00f3n de altas prestaciones por inteligencia artificial confiable<\/strong><\/span>\n<ul>\n<li style=\"list-style-type: none;\">\n<ul>\n<li style=\"list-style-type: none;\">\n<ul>\n<li><span style=\"color: #000000;\">Ref: IDIFEDER\/2021\/059 (Generalitat Valenciana)<\/span><\/li>\n<li>Duraci\u00f3n: 2021-2023<\/li>\n<li>Financiaci\u00f3n:\u00a0 343.5 K \u20ac<\/li>\n<\/ul>\n<\/li>\n<\/ul>\n<\/li>\n<\/ul>\n<\/li>\n<\/ul>\n<ul>\n<li><a href=\"https:\/\/cordis.europa.eu\/project\/id\/952215\/es\"><strong><span style=\"color: #993300;\">Foundations of Trustworthy AI &#8211; Integrating Reasoning, Learning and Optimization (TAILOR)<\/span><\/strong><\/a>\n<ul>\n<li style=\"list-style-type: none;\">\n<ul>\n<li style=\"list-style-type: none;\">\n<ul>\n<li>Ref: TAILOR\u00a0 (EC H2020)<\/li>\n<li>Duraci\u00f3n: 2020-2023<\/li>\n<li>Financiaci\u00f3n: 12 M \u20ac<\/li>\n<\/ul>\n<\/li>\n<\/ul>\n<\/li>\n<\/ul>\n<\/li>\n<\/ul>\n<ul>\n<li><strong><span style=\"color: #993300;\">Dinamizaci\u00f3n de la Red Tem\u00e1tica Espa\u00f1ola en Computaci\u00f3n Biomolecular y Biocelular<\/span><\/strong>\n<ul>\n<li style=\"list-style-type: none;\">\n<ul>\n<li style=\"list-style-type: none;\">\n<ul>\n<li>Ref: TIN2015-71562-REDT (Ministerio de Econom\u00eda y Empresa)<\/li>\n<li>Duraci\u00f3n: 2015-2018<\/li>\n<li>Financiaci\u00f3n: 30 K \u20ac<\/li>\n<\/ul>\n<\/li>\n<\/ul>\n<\/li>\n<\/ul>\n<\/li>\n<\/ul>\n<ul>\n<li><strong><span style=\"color: #993300;\">Innovaci\u00f3n en Modelos Computacionales Predictivos en Epidemiolog\u00eda Experimental de la Resistencia a Antibi\u00f3ticos<\/span> <\/strong>\n<ul>\n<li style=\"list-style-type: none;\">\n<ul>\n<li style=\"list-style-type: none;\">\n<ul>\n<li><span style=\"color: #000000;\">Ref: SAF2013-49788-EXP (Ministerio de Econom\u00eda y Competitividad)<\/span><\/li>\n<li><span style=\"color: #000000;\">Duraci\u00f3n: 2014-2017<\/span><\/li>\n<li><span style=\"color: #000000;\">Financiaci\u00f3n: 84.7 K \u20ac<\/span><\/li>\n<\/ul>\n<\/li>\n<\/ul>\n<\/li>\n<\/ul>\n<\/li>\n<\/ul>\n<ul>\n<li><strong><span style=\"color: #993300;\">Redes de Procesadores Bio-Inspirados: Resultados te\u00f3ricos, implementaci\u00f3n hardware\/bioware, desarrollo software y soluci\u00f3n para aplicaciones<\/span><\/strong>\n<ul>\n<li style=\"list-style-type: none;\">\n<ul>\n<li style=\"list-style-type: none;\">\n<ul>\n<li>Ref: TIN2011-28260-C03-01 (Ministerio de Econom\u00eda y Empresa)<\/li>\n<li>Duraci\u00f3n: 2012-2012<\/li>\n<li>Financiaci\u00f3n: 30 K \u20ac<\/li>\n<\/ul>\n<\/li>\n<\/ul>\n<\/li>\n<\/ul>\n<\/li>\n<\/ul>\n<ul>\n<li><strong><span style=\"color: #993300;\">Creaci\u00f3n de una Red Tem\u00e1tica en Computaci\u00f3n Biomolecular y Biocelular<\/span><\/strong>\n<ul>\n<li style=\"list-style-type: none;\">\n<ul>\n<li style=\"list-style-type: none;\">\n<ul>\n<li>Ref: TIN2008-04487-E\/TIN (Ministerio de Educaci\u00f3n y Ciencia)<\/li>\n<li>Duraci\u00f3n: 2008-2011<\/li>\n<li>Financiaci\u00f3n: 33.6 K \u20ac<\/li>\n<\/ul>\n<\/li>\n<\/ul>\n<\/li>\n<\/ul>\n<\/li>\n<\/ul>\n<ul>\n<li><strong><span style=\"color: #993300;\">T\u00e9cnicas de Inferencia Gramatical y aplicaci\u00f3n al procesamiento de biosecuencias<\/span> <\/strong>\n<ul>\n<li style=\"list-style-type: none;\">\n<ul>\n<li style=\"list-style-type: none;\">\n<ul>\n<li>Ref: TIN2007-60769 (Ministerio de Educaci\u00f3n)<\/li>\n<li>Duraci\u00f3n: 2007-2010<\/li>\n<li>Financiaci\u00f3n: 90.75 K \u20ac<\/li>\n<\/ul>\n<\/li>\n<\/ul>\n<\/li>\n<\/ul>\n<\/li>\n<\/ul>\n<ul>\n<li><strong><span style=\"color: #993300;\">Aplicaciones de t\u00e9cnicas de inferencia gramatical a la bioinform\u00e1tica<\/span><\/strong>\n<ul>\n<li style=\"list-style-type: none;\">\n<ul>\n<li style=\"list-style-type: none;\">\n<ul>\n<li>Ref: GV06\/068 (Generalitat Valenciana)<\/li>\n<li>Duraci\u00f3n: 2006-2006<\/li>\n<li>Financiaci\u00f3n: 27,7 K \u20ac<\/li>\n<\/ul>\n<\/li>\n<\/ul>\n<\/li>\n<\/ul>\n<\/li>\n<\/ul>\n<ul>\n<li><strong><span style=\"color: #993300;\">Exploraciones en aut\u00f3matas finitos biomoleculares<\/span><\/strong>\n<ul>\n<li style=\"list-style-type: none;\">\n<ul>\n<li style=\"list-style-type: none;\">\n<ul>\n<li>Ref: TIC2003-09319-C03-02 (Ministerio de Ciencia y Tecnolog\u00eda)<\/li>\n<li>Duraci\u00f3n: 2003-2006<\/li>\n<li>Financiaci\u00f3n: 71,76 K \u20ac<\/li>\n<\/ul>\n<\/li>\n<\/ul>\n<\/li>\n<\/ul>\n<\/li>\n<\/ul>\n<ul>\n<li><strong><span style=\"color: #993300;\">Dise\u00f1o de sistemas de reconocimiento de escritura continua manuscrita y de clasificaci\u00f3n de documentos<\/span><\/strong>\n<ul>\n<li style=\"list-style-type: none;\">\n<ul>\n<li style=\"list-style-type: none;\">\n<ul>\n<li>Ref: TIC2000-1153 (Ministerio de Ciencia y Tecnolog\u00eda)<\/li>\n<li>Duraci\u00f3n: 2000-2003<\/li>\n<li>Financiaci\u00f3n: 25.2 K \u20ac<\/li>\n<\/ul>\n<\/li>\n<\/ul>\n<\/li>\n<\/ul>\n<\/li>\n<\/ul>\n\n\n<p><\/p>\n\n\n\n<p><\/p>\n","protected":false},"excerpt":{"rendered":"<p>\u00a0 \u00a0 \u00a0 \u00a0 \u00a0 \u00a0 \u00a0 \u00a0 \u00a0 \u00a0 HIVision Espa\u00f1a: Inteligencia territorial para acelerar el fin de la epidemia por el VIH en Espa\u00f1a Ref: Gilead Visionarium 2025\/HIVision Espa\u00f1a Duraci\u00f3n: 2026-2027 Financiaci\u00f3n: 55 K \u20ac Optimizaci\u00f3n del Cribado de ITS en Usuarios de PrEP: Un Enfoque Basado en la Estratificaci\u00f3n de Riesgo, evaluaci\u00f3n [&hellip;]<\/p>\n","protected":false},"author":1,"featured_media":0,"parent":0,"menu_order":0,"comment_status":"closed","ping_status":"closed","template":"","meta":{"footnotes":""},"class_list":["post-108","page","type-page","status-publish","hentry"],"_links":{"self":[{"href":"https:\/\/alfa.webs.upv.es\/index.php\/wp-json\/wp\/v2\/pages\/108","targetHints":{"allow":["GET"]}}],"collection":[{"href":"https:\/\/alfa.webs.upv.es\/index.php\/wp-json\/wp\/v2\/pages"}],"about":[{"href":"https:\/\/alfa.webs.upv.es\/index.php\/wp-json\/wp\/v2\/types\/page"}],"author":[{"embeddable":true,"href":"https:\/\/alfa.webs.upv.es\/index.php\/wp-json\/wp\/v2\/users\/1"}],"replies":[{"embeddable":true,"href":"https:\/\/alfa.webs.upv.es\/index.php\/wp-json\/wp\/v2\/comments?post=108"}],"version-history":[{"count":26,"href":"https:\/\/alfa.webs.upv.es\/index.php\/wp-json\/wp\/v2\/pages\/108\/revisions"}],"predecessor-version":[{"id":380,"href":"https:\/\/alfa.webs.upv.es\/index.php\/wp-json\/wp\/v2\/pages\/108\/revisions\/380"}],"wp:attachment":[{"href":"https:\/\/alfa.webs.upv.es\/index.php\/wp-json\/wp\/v2\/media?parent=108"}],"curies":[{"name":"wp","href":"https:\/\/api.w.org\/{rel}","templated":true}]}}