{"id":137,"date":"2019-12-05T11:11:23","date_gmt":"2019-12-05T11:11:23","guid":{"rendered":"https:\/\/alfa.webs.upv.es\/?page_id=137"},"modified":"2023-10-23T07:17:33","modified_gmt":"2023-10-23T07:17:33","slug":"thesis","status":"publish","type":"page","link":"https:\/\/alfa.webs.upv.es\/index.php\/thesis\/","title":{"rendered":"Thesis"},"content":{"rendered":"<ul>\n<li><span style=\"color: #000080;\">Distributed Cryptographic Protocols (<a href=\"https:\/\/riunet.upv.es\/handle\/10251\/198106\">view thesis<\/a>)<\/span>\n<ul>\n<li><span style=\"color: #993300;\">Year: <\/span>2023<\/li>\n<li><span style=\"color: #993300;\">Author:<\/span> Antonio Larriba<\/li>\n<li><span style=\"color: #993300;\">Supervisors:<\/span> Dr. Dami\u00e1n L\u00f3pez, Dr. Jos\u00e9 M. Sempere<\/li>\n<\/ul>\n<\/li>\n<\/ul>\n<ul>\n<li><span style=\"color: #000080;\">Re<\/span><span style=\"color: #000080;\">des de Procesadores Gen\u00e9ticos<\/span>\u00a0(<a href=\"https:\/\/riunet.upv.es\/handle\/10251\/61452\">view thesis<\/a>)\n<ul>\n<li><span style=\"color: #993300;\">Year:<\/span> 2016<\/li>\n<li><span style=\"color: #993300;\">Author:<\/span> Marcelino Campos.<\/li>\n<li><span style=\"color: #993300;\">Supervisors:<\/span> Dr. Jos\u00e9 M. Sempere, Dr. Dami\u00e1n L\u00f3pez<\/li>\n<\/ul>\n<\/li>\n<\/ul>\n<ul>\n<li><span style=\"color: #000080;\">Aut\u00f3matas finitos: Irreducibilidad e Inferencia (<a href=\"https:\/\/riunet.upv.es\/handle\/10251\/2321\">view thesis<\/a>)<\/span>\n<ul>\n<li><span style=\"color: #993300;\">Year:<\/span> 2008<\/li>\n<li><span style=\"color: #993300;\">Author:<\/span> Manuel V\u00e1zquez de Parga<\/li>\n<li><span style=\"color: #993300;\">Supervisor:<\/span> Dr. Pedro Garc\u00eda<\/li>\n<\/ul>\n<\/li>\n<\/ul>\n<ul>\n<li><span style=\"color: #000080;\">Estudio de la mezcla de estados determinista y no determinista en el dise\u00f1o de algoritmos para inferencia gramatical de lenguajes regulares (<a href=\"https:\/\/riunet.upv.es\/handle\/10251\/1957\">view thesis<\/a>)<\/span>\n<ul>\n<li><span style=\"color: #993300;\">Year:<\/span> 2007<\/li>\n<li><span style=\"color: #993300;\">Author:<\/span> Gloria \u00c1lvarez.<\/li>\n<li><span style=\"color: #993300;\">Supervisor:<\/span> Dr. Pedro Garc\u00eda<\/li>\n<\/ul>\n<\/li>\n<\/ul>\n","protected":false},"excerpt":{"rendered":"<p>Distributed Cryptographic Protocols (view thesis) Year: 2023 Author: Antonio Larriba Supervisors: Dr. Dami\u00e1n L\u00f3pez, Dr. Jos\u00e9 M. Sempere Redes de Procesadores Gen\u00e9ticos\u00a0(view thesis) Year: 2016 Author: Marcelino Campos. Supervisors: Dr. Jos\u00e9 M. Sempere, Dr. Dami\u00e1n L\u00f3pez Aut\u00f3matas finitos: Irreducibilidad e Inferencia (view thesis) Year: 2008 Author: Manuel V\u00e1zquez de Parga Supervisor: Dr. Pedro Garc\u00eda Estudio [&hellip;]<\/p>\n","protected":false},"author":1,"featured_media":0,"parent":0,"menu_order":0,"comment_status":"closed","ping_status":"closed","template":"","meta":{"footnotes":""},"class_list":["post-137","page","type-page","status-publish","hentry"],"_links":{"self":[{"href":"https:\/\/alfa.webs.upv.es\/index.php\/wp-json\/wp\/v2\/pages\/137","targetHints":{"allow":["GET"]}}],"collection":[{"href":"https:\/\/alfa.webs.upv.es\/index.php\/wp-json\/wp\/v2\/pages"}],"about":[{"href":"https:\/\/alfa.webs.upv.es\/index.php\/wp-json\/wp\/v2\/types\/page"}],"author":[{"embeddable":true,"href":"https:\/\/alfa.webs.upv.es\/index.php\/wp-json\/wp\/v2\/users\/1"}],"replies":[{"embeddable":true,"href":"https:\/\/alfa.webs.upv.es\/index.php\/wp-json\/wp\/v2\/comments?post=137"}],"version-history":[{"count":10,"href":"https:\/\/alfa.webs.upv.es\/index.php\/wp-json\/wp\/v2\/pages\/137\/revisions"}],"predecessor-version":[{"id":314,"href":"https:\/\/alfa.webs.upv.es\/index.php\/wp-json\/wp\/v2\/pages\/137\/revisions\/314"}],"wp:attachment":[{"href":"https:\/\/alfa.webs.upv.es\/index.php\/wp-json\/wp\/v2\/media?parent=137"}],"curies":[{"name":"wp","href":"https:\/\/api.w.org\/{rel}","templated":true}]}}